{"id":307,"date":"2026-02-16T20:20:50","date_gmt":"2026-02-16T19:20:50","guid":{"rendered":"https:\/\/lovegour.com\/blog\/?page_id=307"},"modified":"2026-04-05T13:22:47","modified_gmt":"2026-04-05T11:22:47","slug":"recetas","status":"publish","type":"page","link":"https:\/\/www.lovegour.com\/blog\/recetas\/","title":{"rendered":"Recetas"},"content":{"rendered":"\t\t<div data-elementor-type=\"wp-page\" data-elementor-id=\"307\" class=\"elementor elementor-307\" data-elementor-post-type=\"page\">\n\t\t\t\t<div class=\"elementor-element elementor-element-2f78343c e-flex e-con-boxed e-con e-parent\" data-id=\"2f78343c\" data-element_type=\"container\" data-e-type=\"container\">\n\t\t\t\t\t<div class=\"e-con-inner\">\n\t\t\t\t<div class=\"elementor-element elementor-element-2ed3c8e4 elementor-widget elementor-widget-text-editor\" data-id=\"2ed3c8e4\" data-element_type=\"widget\" data-e-type=\"widget\" data-widget_type=\"text-editor.default\">\n\t\t\t\t\t\t\t\t\tRecetas\t\t\t\t\t\t\t\t<\/div>\n\t\t\t\t\t<\/div>\n\t\t\t\t<\/div>\n\t\t\t\t<section class=\"elementor-section elementor-top-section elementor-element elementor-element-40d44d3 elementor-section-boxed elementor-section-height-default elementor-section-height-default\" data-id=\"40d44d3\" data-element_type=\"section\" data-e-type=\"section\">\n\t\t\t\t\t\t<div class=\"elementor-container elementor-column-gap-no\">\n\t\t\t\t\t<div class=\"elementor-column elementor-col-100 elementor-top-column elementor-element elementor-element-3a9cddd\" data-id=\"3a9cddd\" data-element_type=\"column\" data-e-type=\"column\">\n\t\t\t<div class=\"elementor-widget-wrap elementor-element-populated\">\n\t\t\t\t\t\t<div class=\"elementor-element elementor-element-e3cb9de elementor-widget elementor-widget-heading\" data-id=\"e3cb9de\" data-element_type=\"widget\" data-e-type=\"widget\" data-widget_type=\"heading.default\">\n\t\t\t\t\t<h3 class=\"elementor-heading-title elementor-size-default\">Recetas y  Experiencias Gourmet<\/h3>\t\t\t\t<\/div>\n\t\t\t\t<div class=\"elementor-element elementor-element-1bb5749 elementor-grid-6 elementor-grid-tablet-2 elementor-grid-mobile-1 elementor-posts--thumbnail-top elementor-posts--show-avatar elementor-card-shadow-yes elementor-posts__hover-gradient elementor-widget elementor-widget-posts\" data-id=\"1bb5749\" data-element_type=\"widget\" data-e-type=\"widget\" data-settings=\"{&quot;cards_columns&quot;:&quot;6&quot;,&quot;cards_columns_tablet&quot;:&quot;2&quot;,&quot;cards_columns_mobile&quot;:&quot;1&quot;,&quot;cards_row_gap&quot;:{&quot;unit&quot;:&quot;px&quot;,&quot;size&quot;:35,&quot;sizes&quot;:[]},&quot;cards_row_gap_tablet&quot;:{&quot;unit&quot;:&quot;px&quot;,&quot;size&quot;:&quot;&quot;,&quot;sizes&quot;:[]},&quot;cards_row_gap_mobile&quot;:{&quot;unit&quot;:&quot;px&quot;,&quot;size&quot;:&quot;&quot;,&quot;sizes&quot;:[]}}\" data-widget_type=\"posts.cards\">\n\t\t\t\t<div class=\"elementor-widget-container\">\n\t\t\t\t\t\t\t<div class=\"elementor-posts-container elementor-posts elementor-posts--skin-cards elementor-grid\" role=\"list\">\n\t\t\t\t<article class=\"elementor-post elementor-grid-item post-777 post type-post status-publish format-standard has-post-thumbnail hentry category-recetas-gourmet\" role=\"listitem\">\n\t\t\t<div class=\"elementor-post__card\">\n\t\t\t\t<a class=\"elementor-post__thumbnail__link\" href=\"https:\/\/www.lovegour.com\/blog\/macarrones-con-chorizo-la-mejor-receta-facil-y-deliciosa-2\/\" tabindex=\"-1\" ><div class=\"elementor-post__thumbnail\"><img fetchpriority=\"high\" decoding=\"async\" width=\"768\" height=\"1024\" src=\"https:\/\/www.lovegour.com\/blog\/wp-content\/uploads\/2026\/03\/macarrones-con-chorizo-768x1024.jpg\" class=\"attachment-large size-large wp-image-786\" alt=\"macarrones-con-chorizo\" srcset=\"https:\/\/www.lovegour.com\/blog\/wp-content\/uploads\/2026\/03\/macarrones-con-chorizo-768x1024.jpg 768w, https:\/\/www.lovegour.com\/blog\/wp-content\/uploads\/2026\/03\/macarrones-con-chorizo-225x300.jpg 225w, https:\/\/www.lovegour.com\/blog\/wp-content\/uploads\/2026\/03\/macarrones-con-chorizo.jpg 1080w\" sizes=\"(max-width: 768px) 100vw, 768px\" \/><\/div><\/a>\n\t\t\t\t<div class=\"elementor-post__badge\">Recetas y Experiencias<\/div>\n\t\t\t\t<div class=\"elementor-post__avatar\">\n\t\t\t<img alt='Joan Marc A.' src='https:\/\/secure.gravatar.com\/avatar\/7908de2d4ca56f5f9ce1fc5d06ce17e4c2aa0f0a9d54700dff2f21e6b8260f0f?s=128&#038;d=mm&#038;r=g' srcset='https:\/\/secure.gravatar.com\/avatar\/7908de2d4ca56f5f9ce1fc5d06ce17e4c2aa0f0a9d54700dff2f21e6b8260f0f?s=256&#038;d=mm&#038;r=g 2x' class='avatar avatar-128 photo' height='128' width='128' \/>\t\t<\/div>\n\t\t\t\t<div class=\"elementor-post__text\">\n\t\t\t\t<h3 class=\"elementor-post__title\">\n\t\t\t<a href=\"https:\/\/www.lovegour.com\/blog\/macarrones-con-chorizo-la-mejor-receta-facil-y-deliciosa-2\/\" >\n\t\t\t\tMacarrones con Chorizo: La Mejor Receta F\u00e1cil y Deliciosa\t\t\t<\/a>\n\t\t<\/h3>\n\t\t\t\t<div class=\"elementor-post__excerpt\">\n\t\t\t<p>Los macarrones con chorizo son uno de esos platos que nunca fallan. Sencillos, sabrosos y muy presentes en la cocina espa\u00f1ola, combinan pasta con el<\/p>\n\t\t<\/div>\n\t\t\n\t\t<a class=\"elementor-post__read-more\" href=\"https:\/\/www.lovegour.com\/blog\/macarrones-con-chorizo-la-mejor-receta-facil-y-deliciosa-2\/\" aria-label=\"M\u00e1s informaci\u00f3n sobre Macarrones con Chorizo: La Mejor Receta F\u00e1cil y Deliciosa\" tabindex=\"-1\" >\n\t\t\tSeguir leyendo\u00bb\t\t<\/a>\n\n\t\t\t\t<\/div>\n\t\t\t\t<div class=\"elementor-post__meta-data\">\n\t\t\t\t\t<span class=\"elementor-post-date\">\n\t\t\t17 de marzo de 2026\t\t<\/span>\n\t\t\t\t<\/div>\n\t\t\t\t\t<\/div>\n\t\t<\/article>\n\t\t\t\t<article class=\"elementor-post elementor-grid-item post-698 post type-post status-publish format-standard has-post-thumbnail hentry category-recetas-gourmet\" role=\"listitem\">\n\t\t\t<div class=\"elementor-post__card\">\n\t\t\t\t<a class=\"elementor-post__thumbnail__link\" href=\"https:\/\/www.lovegour.com\/blog\/el-mejor-maridaje-para-acompanar-unas-buenas-tapas-espanolas\/\" tabindex=\"-1\" ><div class=\"elementor-post__thumbnail\"><img decoding=\"async\" width=\"800\" height=\"766\" src=\"https:\/\/www.lovegour.com\/blog\/wp-content\/uploads\/2026\/03\/las-mejores-tapas-1-1024x981.png\" class=\"attachment-large size-large wp-image-703\" alt=\"\" srcset=\"https:\/\/www.lovegour.com\/blog\/wp-content\/uploads\/2026\/03\/las-mejores-tapas-1-1024x981.png 1024w, https:\/\/www.lovegour.com\/blog\/wp-content\/uploads\/2026\/03\/las-mejores-tapas-1-300x288.png 300w, https:\/\/www.lovegour.com\/blog\/wp-content\/uploads\/2026\/03\/las-mejores-tapas-1-768x736.png 768w, https:\/\/www.lovegour.com\/blog\/wp-content\/uploads\/2026\/03\/las-mejores-tapas-1.png 1080w\" sizes=\"(max-width: 800px) 100vw, 800px\" \/><\/div><\/a>\n\t\t\t\t<div class=\"elementor-post__badge\">Recetas y Experiencias<\/div>\n\t\t\t\t<div class=\"elementor-post__avatar\">\n\t\t\t<img alt='Joan Marc A.' src='https:\/\/secure.gravatar.com\/avatar\/7908de2d4ca56f5f9ce1fc5d06ce17e4c2aa0f0a9d54700dff2f21e6b8260f0f?s=128&#038;d=mm&#038;r=g' srcset='https:\/\/secure.gravatar.com\/avatar\/7908de2d4ca56f5f9ce1fc5d06ce17e4c2aa0f0a9d54700dff2f21e6b8260f0f?s=256&#038;d=mm&#038;r=g 2x' class='avatar avatar-128 photo' height='128' width='128' \/>\t\t<\/div>\n\t\t\t\t<div class=\"elementor-post__text\">\n\t\t\t\t<h3 class=\"elementor-post__title\">\n\t\t\t<a href=\"https:\/\/www.lovegour.com\/blog\/el-mejor-maridaje-para-acompanar-unas-buenas-tapas-espanolas\/\" >\n\t\t\t\tEl mejor maridaje para acompa\u00f1ar unas buenas tapas espa\u00f1olas\t\t\t<\/a>\n\t\t<\/h3>\n\t\t\t\t<div class=\"elementor-post__excerpt\">\n\t\t\t<p>Si hay algo que define la gastronom\u00eda espa\u00f1ola y todos conocemos , son las tapas.Peque\u00f1os bocados, s\u00ed\u2026 pero con mucho car\u00e1cter. Y aqu\u00ed est\u00e1 la<\/p>\n\t\t<\/div>\n\t\t\n\t\t<a class=\"elementor-post__read-more\" href=\"https:\/\/www.lovegour.com\/blog\/el-mejor-maridaje-para-acompanar-unas-buenas-tapas-espanolas\/\" aria-label=\"M\u00e1s informaci\u00f3n sobre El mejor maridaje para acompa\u00f1ar unas buenas tapas espa\u00f1olas\" tabindex=\"-1\" >\n\t\t\tSeguir leyendo\u00bb\t\t<\/a>\n\n\t\t\t\t<\/div>\n\t\t\t\t<div class=\"elementor-post__meta-data\">\n\t\t\t\t\t<span class=\"elementor-post-date\">\n\t\t\t11 de marzo de 2026\t\t<\/span>\n\t\t\t\t<\/div>\n\t\t\t\t\t<\/div>\n\t\t<\/article>\n\t\t\t\t<article class=\"elementor-post elementor-grid-item post-480 post type-post status-publish format-standard has-post-thumbnail hentry category-recetas-gourmet\" role=\"listitem\">\n\t\t\t<div class=\"elementor-post__card\">\n\t\t\t\t<a class=\"elementor-post__thumbnail__link\" href=\"https:\/\/www.lovegour.com\/blog\/huevos-rotos-con-jamon\/\" tabindex=\"-1\" ><div class=\"elementor-post__thumbnail\"><img decoding=\"async\" width=\"800\" height=\"572\" src=\"https:\/\/www.lovegour.com\/blog\/wp-content\/uploads\/2026\/02\/huevos-rotos-con-jamon.jpg\" class=\"attachment-large size-large wp-image-483\" alt=\"\" srcset=\"https:\/\/www.lovegour.com\/blog\/wp-content\/uploads\/2026\/02\/huevos-rotos-con-jamon.jpg 1024w, https:\/\/www.lovegour.com\/blog\/wp-content\/uploads\/2026\/02\/huevos-rotos-con-jamon-300x214.jpg 300w, https:\/\/www.lovegour.com\/blog\/wp-content\/uploads\/2026\/02\/huevos-rotos-con-jamon-768x549.jpg 768w\" sizes=\"(max-width: 800px) 100vw, 800px\" \/><\/div><\/a>\n\t\t\t\t<div class=\"elementor-post__badge\">Recetas y Experiencias<\/div>\n\t\t\t\t<div class=\"elementor-post__avatar\">\n\t\t\t<img alt='Joan Marc A.' src='https:\/\/secure.gravatar.com\/avatar\/7908de2d4ca56f5f9ce1fc5d06ce17e4c2aa0f0a9d54700dff2f21e6b8260f0f?s=128&#038;d=mm&#038;r=g' srcset='https:\/\/secure.gravatar.com\/avatar\/7908de2d4ca56f5f9ce1fc5d06ce17e4c2aa0f0a9d54700dff2f21e6b8260f0f?s=256&#038;d=mm&#038;r=g 2x' class='avatar avatar-128 photo' height='128' width='128' \/>\t\t<\/div>\n\t\t\t\t<div class=\"elementor-post__text\">\n\t\t\t\t<h3 class=\"elementor-post__title\">\n\t\t\t<a href=\"https:\/\/www.lovegour.com\/blog\/huevos-rotos-con-jamon\/\" >\n\t\t\t\tHuevos rotos con jam\u00f3n\t\t\t<\/a>\n\t\t<\/h3>\n\t\t\t\t<div class=\"elementor-post__excerpt\">\n\t\t\t<p>Los huevos rotos con jam\u00f3n son uno de los platos m\u00e1s emblem\u00e1ticos de la gastronom\u00eda espa\u00f1ola. Con solo patatas fritas, huevos y buen jam\u00f3n, se<\/p>\n\t\t<\/div>\n\t\t\n\t\t<a class=\"elementor-post__read-more\" href=\"https:\/\/www.lovegour.com\/blog\/huevos-rotos-con-jamon\/\" aria-label=\"M\u00e1s informaci\u00f3n sobre Huevos rotos con jam\u00f3n\" tabindex=\"-1\" >\n\t\t\tSeguir leyendo\u00bb\t\t<\/a>\n\n\t\t\t\t<\/div>\n\t\t\t\t<div class=\"elementor-post__meta-data\">\n\t\t\t\t\t<span class=\"elementor-post-date\">\n\t\t\t28 de febrero de 2026\t\t<\/span>\n\t\t\t\t<\/div>\n\t\t\t\t\t<\/div>\n\t\t<\/article>\n\t\t\t\t<\/div>\n\t\t\n\t\t\t\t\t\t<\/div>\n\t\t\t\t<\/div>\n\t\t\t\t<section class=\"elementor-section elementor-inner-section elementor-element elementor-element-a783208 elementor-section-content-middle elementor-section-boxed elementor-section-height-default elementor-section-height-default\" data-id=\"a783208\" data-element_type=\"section\" data-e-type=\"section\">\n\t\t\t\t\t\t\t<div class=\"elementor-background-overlay\"><\/div>\n\t\t\t\t\t\t\t<div class=\"elementor-container elementor-column-gap-no\">\n\t\t\t\t\t<div class=\"elementor-column elementor-col-50 elementor-inner-column elementor-element elementor-element-e561672\" data-id=\"e561672\" data-element_type=\"column\" data-e-type=\"column\">\n\t\t\t<div class=\"elementor-widget-wrap elementor-element-populated\">\n\t\t\t\t\t\t<div class=\"elementor-element elementor-element-896b3d6 elementor-position-inline-start elementor-view-default elementor-mobile-position-block-start elementor-widget elementor-widget-icon-box\" data-id=\"896b3d6\" data-element_type=\"widget\" data-e-type=\"widget\" data-widget_type=\"icon-box.default\">\n\t\t\t\t\t\t\t<div class=\"elementor-icon-box-wrapper\">\n\n\t\t\t\t\t\t<div class=\"elementor-icon-box-icon\">\n\t\t\t\t<span  class=\"elementor-icon\">\n\t\t\t\t<i aria-hidden=\"true\" class=\"icon icon-email1\"><\/i>\t\t\t\t<\/span>\n\t\t\t<\/div>\n\t\t\t\n\t\t\t\t\t\t<div class=\"elementor-icon-box-content\">\n\n\t\t\t\t\t\t\t\t\t<h3 class=\"elementor-icon-box-title\">\n\t\t\t\t\t\t<span  >\n\t\t\t\t\t\t\t\u00bfBuscas m\u00e1s recetas?\t\t\t\t\t\t<\/span>\n\t\t\t\t\t<\/h3>\n\t\t\t\t\n\t\t\t\t\t\t\t\t\t<p class=\"elementor-icon-box-description\">\n\t\t\t\t\t\tRecibe nuestras \u00faltimas recetas y consejos gastronomicos directamente en la bandeja de entrada!\t\t\t\t\t<\/p>\n\t\t\t\t\n\t\t\t<\/div>\n\t\t\t\n\t\t<\/div>\n\t\t\t\t\t\t<\/div>\n\t\t\t\t\t<\/div>\n\t\t<\/div>\n\t\t\t\t<div class=\"elementor-column elementor-col-50 elementor-inner-column elementor-element elementor-element-dd77275\" data-id=\"dd77275\" data-element_type=\"column\" data-e-type=\"column\">\n\t\t\t<div class=\"elementor-widget-wrap elementor-element-populated\">\n\t\t\t\t\t\t<div class=\"elementor-element elementor-element-a0ad865 elementor-button-align-stretch elementor-widget elementor-widget-form\" data-id=\"a0ad865\" data-element_type=\"widget\" data-e-type=\"widget\" data-settings=\"{&quot;step_next_label&quot;:&quot;Next&quot;,&quot;step_previous_label&quot;:&quot;Previous&quot;,&quot;button_width&quot;:&quot;40&quot;,&quot;step_type&quot;:&quot;number_text&quot;,&quot;step_icon_shape&quot;:&quot;circle&quot;}\" data-widget_type=\"form.default\">\n\t\t\t\t\t\t\t<form class=\"elementor-form\" method=\"post\" name=\"New Form\" aria-label=\"New Form\">\n\t\t\t<input type=\"hidden\" name=\"post_id\" value=\"307\"\/>\n\t\t\t<input type=\"hidden\" name=\"form_id\" value=\"a0ad865\"\/>\n\t\t\t<input type=\"hidden\" name=\"referer_title\" value=\"Recetas - LoveBlog\" \/>\n\n\t\t\t\t\t\t\t<input type=\"hidden\" name=\"queried_id\" value=\"307\"\/>\n\t\t\t\n\t\t\t<div class=\"elementor-form-fields-wrapper elementor-labels-\">\n\t\t\t\t\t\t\t\t<div class=\"elementor-field-type-email elementor-field-group elementor-column elementor-field-group-email_subscribe elementor-col-60 elementor-field-required\">\n\t\t\t\t\t\t\t\t\t\t\t\t<label for=\"form-field-email_subscribe\" class=\"elementor-field-label elementor-screen-only\">\n\t\t\t\t\t\t\t\tEmail Address\t\t\t\t\t\t\t<\/label>\n\t\t\t\t\t\t\t\t\t\t\t\t\t\t<input size=\"1\" type=\"email\" name=\"form_fields[email_subscribe]\" id=\"form-field-email_subscribe\" class=\"elementor-field elementor-size-md  elementor-field-textual\" placeholder=\"aqui el email \" required=\"required\">\n\t\t\t\t\t\t\t\t\t\t\t<\/div>\n\t\t\t\t\t\t\t\t<div class=\"elementor-field-group elementor-column elementor-field-type-submit elementor-col-40 e-form__buttons\">\n\t\t\t\t\t<button class=\"elementor-button elementor-size-sm\" type=\"submit\">\n\t\t\t\t\t\t<span class=\"elementor-button-content-wrapper\">\n\t\t\t\t\t\t\t\t\t\t\t\t\t\t\t\t\t\t\t\t\t\t<span class=\"elementor-button-text\">Suscribirse<\/span>\n\t\t\t\t\t\t\t\t\t\t\t\t\t<\/span>\n\t\t\t\t\t<\/button>\n\t\t\t\t<\/div>\n\t\t\t<\/div>\n\t\t<\/form>\n\t\t\t\t\t\t<\/div>\n\t\t\t\t<div class=\"elementor-element elementor-element-381d1b0 elementor-widget elementor-widget-heading\" data-id=\"381d1b0\" data-element_type=\"widget\" data-e-type=\"widget\" data-widget_type=\"heading.default\">\n\t\t\t\t\t<div class=\"elementor-heading-title elementor-size-default\">Al enviar el formulario acepta nuestra pol\u00edtica de privacidad.<\/div>\t\t\t\t<\/div>\n\t\t\t\t\t<\/div>\n\t\t<\/div>\n\t\t\t\t\t<\/div>\n\t\t<\/section>\n\t\t\t\t<div class=\"elementor-element elementor-element-10be172 elementor-widget elementor-widget-spacer\" data-id=\"10be172\" data-element_type=\"widget\" data-e-type=\"widget\" data-widget_type=\"spacer.default\">\n\t\t\t\t\t\t\t<div class=\"elementor-spacer\">\n\t\t\t<div class=\"elementor-spacer-inner\"><\/div>\n\t\t<\/div>\n\t\t\t\t\t\t<\/div>\n\t\t\t\t<div class=\"elementor-element elementor-element-4ec2305 elementor-widget elementor-widget-spacer\" data-id=\"4ec2305\" data-element_type=\"widget\" data-e-type=\"widget\" data-widget_type=\"spacer.default\">\n\t\t\t\t\t\t\t<div class=\"elementor-spacer\">\n\t\t\t<div class=\"elementor-spacer-inner\"><\/div>\n\t\t<\/div>\n\t\t\t\t\t\t<\/div>\n\t\t\t\t<div class=\"elementor-element elementor-element-6e85647 elementor-widget-divider--view-line elementor-widget elementor-widget-divider\" data-id=\"6e85647\" data-element_type=\"widget\" data-e-type=\"widget\" data-widget_type=\"divider.default\">\n\t\t\t\t\t\t\t<div class=\"elementor-divider\">\n\t\t\t<span class=\"elementor-divider-separator\">\n\t\t\t\t\t\t<\/span>\n\t\t<\/div>\n\t\t\t\t\t\t<\/div>\n\t\t\t\t\t<\/div>\n\t\t<\/div>\n\t\t\t\t\t<\/div>\n\t\t<\/section>\n\t\t\t\t<\/div>\n\t\t","protected":false},"excerpt":{"rendered":"<p>Recetas Recetas y Experiencias Gourmet \u00bfBuscas m\u00e1s recetas? Recibe nuestras \u00faltimas recetas y consejos gastronomicos directamente en la bandeja de entrada! Al enviar el formulario acepta nuestra pol\u00edtica de privacidad.<\/p>\n","protected":false},"author":1,"featured_media":0,"parent":0,"menu_order":0,"comment_status":"closed","ping_status":"closed","template":"elementor_header_footer","meta":{"footnotes":""},"class_list":["post-307","page","type-page","status-publish","hentry"],"_links":{"self":[{"href":"https:\/\/www.lovegour.com\/blog\/wp-json\/wp\/v2\/pages\/307","targetHints":{"allow":["GET"]}}],"collection":[{"href":"https:\/\/www.lovegour.com\/blog\/wp-json\/wp\/v2\/pages"}],"about":[{"href":"https:\/\/www.lovegour.com\/blog\/wp-json\/wp\/v2\/types\/page"}],"author":[{"embeddable":true,"href":"https:\/\/www.lovegour.com\/blog\/wp-json\/wp\/v2\/users\/1"}],"replies":[{"embeddable":true,"href":"https:\/\/www.lovegour.com\/blog\/wp-json\/wp\/v2\/comments?post=307"}],"version-history":[{"count":10,"href":"https:\/\/www.lovegour.com\/blog\/wp-json\/wp\/v2\/pages\/307\/revisions"}],"predecessor-version":[{"id":1240,"href":"https:\/\/www.lovegour.com\/blog\/wp-json\/wp\/v2\/pages\/307\/revisions\/1240"}],"wp:attachment":[{"href":"https:\/\/www.lovegour.com\/blog\/wp-json\/wp\/v2\/media?parent=307"}],"curies":[{"name":"wp","href":"https:\/\/api.w.org\/{rel}","templated":true}]}}